{"id":886,"date":"2022-08-31T18:32:38","date_gmt":"2022-08-31T16:32:38","guid":{"rendered":"http:\/\/en.relaunch.anvisgroup.com\/?page_id=886"},"modified":"2023-02-01T20:28:23","modified_gmt":"2023-02-01T19:28:23","slug":"imprint","status":"publish","type":"page","link":"https:\/\/anvisgroup.com\/de\/imprint\/","title":{"rendered":"IMPRESSUM"},"content":{"rendered":"<p>Informationspflicht nach \u00a7 5 TMG.<br><br>ANVIS HOLDING S.A.S<br>19 Route d\u2019Archettes<br>F-88000 Epinal<br>Frankreich<br><br>Register:\u00a0Handelsregister<br>Register Register-Nummer:\u00a0883 481 178 R.C.S.<br>Registergericht:\u00a0Epinal<br><br>Tel .: +33 3 29 64 33 33<br>E-Mail: info@anvisgroup.com<br><br>Gesch\u00e4ftsf\u00fchrerin<br>Silvia Maier<br><br>Quelle: Erstellt mit dem \u00a0Impressum-Generator\u00a0von AdSimple in Zusammenarbeit mit\u00a0hashtagmann.de<br><br>EU-Streitbeilegung<br><br>Gem\u00e4\u00df der Verordnung \u00fcber Online-Streitbeilegung in Verbraucherangelegenheiten (ODR-Verordnung) m\u00f6chten wir Sie \u00fcber die\u00a0Online-Streitbeilegungs-Plattform\u00a0(OS-Plattform) informieren.<br>Verbraucher haben die M\u00f6glichkeit, Beschwerden bei der Online-Streitbeilegungs-Plattform der Europ\u00e4ischen Kommission unter\u00a0http:\/\/ec.europa.eu\/odr?tid=321220202\u00a0einzureichen.\u00a0Die notwendigen Kontaktdaten finden Sie oben in unserem Impressum.<br><br>Wir weisen jedoch darauf hin, dass wir nicht bereit oder verpflichtet sind, an einem Streitbeilegungsverfahren vor einer Verbraucherschlichtungsstelle teilzunehmen.<br><br>Haftung f\u00fcr die Inhalte dieser Website<br><br>Wir entwickeln die Inhalte dieser Website st\u00e4ndig weiter und sind bestrebt, korrekte und aktuelle Informationen bereitzustellen.\u00a0Nach\u00a0\u00a7 7 Abs.1 TMG\u00a0sind wir als Diensteanbieter f\u00fcr eigene Informationen, die wir zur Nutzung bereithalten, nach den allgemeinen Gesetzen verantwortlich.\u00a0F\u00fcr die Richtigkeit aller Inhalte dieser Website, insbesondere f\u00fcr solche, die von Dritten bereitgestellt werden, k\u00f6nnen wir leider keine Gew\u00e4hr \u00fcbernehmen.\u00a0Als Diensteanbieter im Sinne der \u00a7\u00a7 8 bis 10 sind wir nicht verpflichtet, die von Ihnen \u00fcbermittelten oder gespeicherten fremden Informationen zu \u00fcberwachen oder nach Umst\u00e4nden zu forschen, die auf eine rechtswidrige T\u00e4tigkeit hinweisen.<br><br>Verpflichtungen zur Entfernung oder Sperrung der Nutzung von Informationen nach den allgemeinen Gesetzen aufgrund von gerichtlichen oder beh\u00f6rdlichen Anordnungen bleiben auch im Falle unserer Nichtverantwortlichkeit nach den \u00a7\u00a7 8 bis 10 unber\u00fchrt.<br><br>Sollten Ihnen problematische oder rechtswidrige Inhalte auffallen, nehmen Sie bitte umgehend Kontakt mit uns auf, damit wir die rechtswidrigen Inhalte entfernen k\u00f6nnen.\u00a0Die Kontaktdaten finden Sie im Impressum.<br><br>Haftung f\u00fcr Links auf dieser Website<br><br>Unsere Website enth\u00e4lt Links zu anderen Websites, f\u00fcr deren Inhalt wir nicht verantwortlich sind.\u00a0Wir haften nicht f\u00fcr verlinkte Websites, da wir keine Kenntnis von rechtswidrigen Handlungen hatten, diese nicht bemerkt haben und bei Bekanntwerden rechtswidriger Handlungen die Links sofort entfernen w\u00fcrden.<br><br>Sollten Ihnen rechtswidrige Links auf unserer Website auffallen, wenden Sie sich bitte an uns.\u00a0Die Kontaktdaten finden Sie im Impressum.<br><br>Copyright-Hinweis<br><br>Alle Inhalte dieser Website (Bilder, Fotos, Texte, Videos) unterliegen dem Urheberrecht der Bundesrepublik Deutschland.\u00a0Bitte fragen Sie uns, bevor Sie die Inhalte dieser Website verbreiten, vervielf\u00e4ltigen oder nutzen, z.B. auf anderen Websites wiederver\u00f6ffentlichen.\u00a0Gegebenenfalls werden wir die unerlaubte Nutzung von Teilen der Inhalte unserer Seite rechtlich verfolgen.<br><br>Sollten Sie auf dieser Website Inhalte finden, die gegen das Urheberrecht versto\u00dfen, kontaktieren Sie uns bitte.<br><br>Webdesign von<br>MOONWORK STUDIO<br>Nadine Hanfstein<br>E-Mail: hello@moonwork-studio.de<br><br><\/p>\n\n\n\n<p>IT-Consulting &amp; DNS-Zone Verantwortlicher<br>\/\/P-CATION Consulting &amp; Solutions GmbH<\/p>\n\n\n\n<p>E-Mail: hello@p-cation.de<br>Web:&nbsp;<a href=\"https:\/\/p-cation.de\/\" target=\"_blank\" rel=\"noreferrer noopener\">p-cation.de<\/a><\/p>","protected":false},"excerpt":{"rendered":"<p>Information obligation according to \u00a7 5 TMG. ANVIS HOLDING S.A.S19 Route d\u2019ArchettesF-88000 EpinalFrance Register: Commercialregister Register number: 883 481 178 [&hellip;]<\/p>\n","protected":false},"author":1,"featured_media":0,"parent":0,"menu_order":0,"comment_status":"closed","ping_status":"closed","template":"","meta":{"footnotes":""},"class_list":["post-886","page","type-page","status-publish","hentry"],"acf":[],"yoast_head":"<!-- This site is optimized with the Yoast SEO plugin v27.4 - https:\/\/yoast.com\/product\/yoast-seo-wordpress\/ -->\n<title>IMPRINT | Anvis<\/title>\n<meta name=\"robots\" content=\"index, follow, max-snippet:-1, max-image-preview:large, max-video-preview:-1\" \/>\n<link rel=\"canonical\" href=\"https:\/\/anvisgroup.com\/de\/imprint\/\" \/>\n<meta property=\"og:locale\" content=\"de_DE\" \/>\n<meta property=\"og:type\" content=\"article\" \/>\n<meta property=\"og:title\" content=\"IMPRINT | Anvis\" \/>\n<meta property=\"og:description\" content=\"Information obligation according to \u00a7 5 TMG. ANVIS HOLDING S.A.S19 Route d\u2019ArchettesF-88000 EpinalFrance Register: Commercialregister Register number: 883 481 178 [&hellip;]\" \/>\n<meta property=\"og:url\" content=\"https:\/\/anvisgroup.com\/de\/imprint\/\" \/>\n<meta property=\"og:site_name\" content=\"Anvis\" \/>\n<meta property=\"article:modified_time\" content=\"2023-02-01T19:28:23+00:00\" \/>\n<meta name=\"twitter:card\" content=\"summary_large_image\" \/>\n<meta name=\"twitter:label1\" content=\"Gesch\u00e4tzte Lesezeit\" \/>\n\t<meta name=\"twitter:data1\" content=\"3\u00a0Minuten\" \/>\n<script type=\"application\/ld+json\" class=\"yoast-schema-graph\">{\"@context\":\"https:\\\/\\\/schema.org\",\"@graph\":[{\"@type\":\"WebPage\",\"@id\":\"https:\\\/\\\/anvisgroup.com\\\/imprint\\\/\",\"url\":\"https:\\\/\\\/anvisgroup.com\\\/imprint\\\/\",\"name\":\"IMPRINT | Anvis\",\"isPartOf\":{\"@id\":\"https:\\\/\\\/anvisgroup.com\\\/#website\"},\"datePublished\":\"2022-08-31T16:32:38+00:00\",\"dateModified\":\"2023-02-01T19:28:23+00:00\",\"breadcrumb\":{\"@id\":\"https:\\\/\\\/anvisgroup.com\\\/imprint\\\/#breadcrumb\"},\"inLanguage\":\"de\",\"potentialAction\":[{\"@type\":\"ReadAction\",\"target\":[\"https:\\\/\\\/anvisgroup.com\\\/imprint\\\/\"]}]},{\"@type\":\"BreadcrumbList\",\"@id\":\"https:\\\/\\\/anvisgroup.com\\\/imprint\\\/#breadcrumb\",\"itemListElement\":[{\"@type\":\"ListItem\",\"position\":1,\"name\":\"Home\",\"item\":\"https:\\\/\\\/anvisgroup.com\\\/\"},{\"@type\":\"ListItem\",\"position\":2,\"name\":\"IMPRINT\"}]},{\"@type\":\"WebSite\",\"@id\":\"https:\\\/\\\/anvisgroup.com\\\/#website\",\"url\":\"https:\\\/\\\/anvisgroup.com\\\/\",\"name\":\"ANVIS Group\",\"description\":\"\",\"publisher\":{\"@id\":\"https:\\\/\\\/anvisgroup.com\\\/#organization\"},\"potentialAction\":[{\"@type\":\"SearchAction\",\"target\":{\"@type\":\"EntryPoint\",\"urlTemplate\":\"https:\\\/\\\/anvisgroup.com\\\/?s={search_term_string}\"},\"query-input\":{\"@type\":\"PropertyValueSpecification\",\"valueRequired\":true,\"valueName\":\"search_term_string\"}}],\"inLanguage\":\"de\"},{\"@type\":\"Organization\",\"@id\":\"https:\\\/\\\/anvisgroup.com\\\/#organization\",\"name\":\"ANVIS Group\",\"url\":\"https:\\\/\\\/anvisgroup.com\\\/\",\"logo\":{\"@type\":\"ImageObject\",\"inLanguage\":\"de\",\"@id\":\"https:\\\/\\\/anvisgroup.com\\\/#\\\/schema\\\/logo\\\/image\\\/\",\"url\":\"https:\\\/\\\/anvisgroup.com\\\/wp-content\\\/uploads\\\/2022\\\/08\\\/logo_anvis.png\",\"contentUrl\":\"https:\\\/\\\/anvisgroup.com\\\/wp-content\\\/uploads\\\/2022\\\/08\\\/logo_anvis.png\",\"width\":320,\"height\":71,\"caption\":\"ANVIS Group\"},\"image\":{\"@id\":\"https:\\\/\\\/anvisgroup.com\\\/#\\\/schema\\\/logo\\\/image\\\/\"}}]}<\/script>\n<!-- \/ Yoast SEO plugin. -->","yoast_head_json":{"title":"IMPRINT | Anvis","robots":{"index":"index","follow":"follow","max-snippet":"max-snippet:-1","max-image-preview":"max-image-preview:large","max-video-preview":"max-video-preview:-1"},"canonical":"https:\/\/anvisgroup.com\/de\/imprint\/","og_locale":"de_DE","og_type":"article","og_title":"IMPRINT | Anvis","og_description":"Information obligation according to \u00a7 5 TMG. ANVIS HOLDING S.A.S19 Route d\u2019ArchettesF-88000 EpinalFrance Register: Commercialregister Register number: 883 481 178 [&hellip;]","og_url":"https:\/\/anvisgroup.com\/de\/imprint\/","og_site_name":"Anvis","article_modified_time":"2023-02-01T19:28:23+00:00","twitter_card":"summary_large_image","twitter_misc":{"Gesch\u00e4tzte Lesezeit":"3\u00a0Minuten"},"schema":{"@context":"https:\/\/schema.org","@graph":[{"@type":"WebPage","@id":"https:\/\/anvisgroup.com\/imprint\/","url":"https:\/\/anvisgroup.com\/imprint\/","name":"IMPRINT | Anvis","isPartOf":{"@id":"https:\/\/anvisgroup.com\/#website"},"datePublished":"2022-08-31T16:32:38+00:00","dateModified":"2023-02-01T19:28:23+00:00","breadcrumb":{"@id":"https:\/\/anvisgroup.com\/imprint\/#breadcrumb"},"inLanguage":"de","potentialAction":[{"@type":"ReadAction","target":["https:\/\/anvisgroup.com\/imprint\/"]}]},{"@type":"BreadcrumbList","@id":"https:\/\/anvisgroup.com\/imprint\/#breadcrumb","itemListElement":[{"@type":"ListItem","position":1,"name":"Home","item":"https:\/\/anvisgroup.com\/"},{"@type":"ListItem","position":2,"name":"IMPRINT"}]},{"@type":"WebSite","@id":"https:\/\/anvisgroup.com\/#website","url":"https:\/\/anvisgroup.com\/","name":"ANVIS Group","description":"","publisher":{"@id":"https:\/\/anvisgroup.com\/#organization"},"potentialAction":[{"@type":"SearchAction","target":{"@type":"EntryPoint","urlTemplate":"https:\/\/anvisgroup.com\/?s={search_term_string}"},"query-input":{"@type":"PropertyValueSpecification","valueRequired":true,"valueName":"search_term_string"}}],"inLanguage":"de"},{"@type":"Organization","@id":"https:\/\/anvisgroup.com\/#organization","name":"ANVIS Group","url":"https:\/\/anvisgroup.com\/","logo":{"@type":"ImageObject","inLanguage":"de","@id":"https:\/\/anvisgroup.com\/#\/schema\/logo\/image\/","url":"https:\/\/anvisgroup.com\/wp-content\/uploads\/2022\/08\/logo_anvis.png","contentUrl":"https:\/\/anvisgroup.com\/wp-content\/uploads\/2022\/08\/logo_anvis.png","width":320,"height":71,"caption":"ANVIS Group"},"image":{"@id":"https:\/\/anvisgroup.com\/#\/schema\/logo\/image\/"}}]}},"_links":{"self":[{"href":"https:\/\/anvisgroup.com\/de\/wp-json\/wp\/v2\/pages\/886","targetHints":{"allow":["GET"]}}],"collection":[{"href":"https:\/\/anvisgroup.com\/de\/wp-json\/wp\/v2\/pages"}],"about":[{"href":"https:\/\/anvisgroup.com\/de\/wp-json\/wp\/v2\/types\/page"}],"author":[{"embeddable":true,"href":"https:\/\/anvisgroup.com\/de\/wp-json\/wp\/v2\/users\/1"}],"replies":[{"embeddable":true,"href":"https:\/\/anvisgroup.com\/de\/wp-json\/wp\/v2\/comments?post=886"}],"version-history":[{"count":13,"href":"https:\/\/anvisgroup.com\/de\/wp-json\/wp\/v2\/pages\/886\/revisions"}],"predecessor-version":[{"id":1354,"href":"https:\/\/anvisgroup.com\/de\/wp-json\/wp\/v2\/pages\/886\/revisions\/1354"}],"wp:attachment":[{"href":"https:\/\/anvisgroup.com\/de\/wp-json\/wp\/v2\/media?parent=886"}],"curies":[{"name":"wp","href":"https:\/\/api.w.org\/{rel}","templated":true}]}}