{"id":886,"date":"2022-08-31T18:32:38","date_gmt":"2022-08-31T16:32:38","guid":{"rendered":"http:\/\/en.relaunch.anvisgroup.com\/?page_id=886"},"modified":"2023-02-01T20:28:23","modified_gmt":"2023-02-01T19:28:23","slug":"imprint","status":"publish","type":"page","link":"https:\/\/anvisgroup.com\/fr\/imprint\/","title":{"rendered":"MENTIONS LEGALES"},"content":{"rendered":"<p>Obligation d\u2019information selon \u00a7 5 TMG.<br><br>ANVIS HOLDING S.A.S<br>19 Route d\u2019Archettes<br>F-88000 Epinal<br>France<br><br>Inscrivez -vous:\u00a0Commercial<br>Num\u00e9ro de registre Registre:\u00a0883 481 178 R.C.S.<br>Inscription tribunal:\u00a0court\u00a0:\u00a0Epinal<br><br>Tel .: +33 3 29 64 33 33<br>E-Mail: info@anvisgroup.com<br><br>Directrice g\u00e9n\u00e9rale<br>Silvia Maier<br><br>Source: Cr\u00e9\u00e9 avec le\u00a0g\u00e9n\u00e9rateur d\u2019empreintes\u00a0d\u2019AdSimple en coop\u00e9ration avec\u00a0hashtagmann.de<br><br>R\u00e8glement des diff\u00e9rends de l\u2019EU<br><br>Conform\u00e9ment au r\u00e8glement sur la r\u00e9solution des litiges en ligne dans le domaine de la consommation (r\u00e8glement ODR), nous souhaitons vous informer sur la plateforme de r\u00e9solution des litiges en ligne (plateforme OS).<br>Les consommateurs ont la possibilit\u00e9 de d\u00e9poser des plaintes aupr\u00e8s de la plateforme de r\u00e8glement des litiges en ligne de la Commission europ\u00e9enne \u00e0 l\u2019\u00a0(plateforme)\u00a0\u00a0adresse http:\/\/ec.europa.eu\/odr?tid=321220202\u00a0. Vous pouvez trouver les coordonn\u00e9es n\u00e9cessaires ci-dessus dans nos mentions l\u00e9gales.<br><br>Cependant, nous tenons \u00e0 souligner que nous ne sommes pas dispos\u00e9s ou oblig\u00e9s de participer \u00e0 une proc\u00e9dure de r\u00e8glement des diff\u00e9rends devant un conseil d\u2019arbitrage des consommateurs.<br><br>Responsabilit\u00e9 pour le contenu de ce site Web<br><br>Nous d\u00e9veloppons constamment le contenu de ce site Web et nous nous effor\u00e7ons de fournir des informations correctes et actuelles. Conform\u00e9ment \u00e0 l\u2019 article 7 (1) de la loi sur les t\u00e9l\u00e9m\u00e9dias\u00a0(TMG)\u00a0, en tant que fournisseur de services, nous sommes responsables de nos propres informations que nous fournissons pour une utilisation conform\u00e9ment aux lois g\u00e9n\u00e9rales. Malheureusement, nous ne pouvons pas accepter la responsabilit\u00e9 de l\u2019exactitude de tout le contenu de ce site Web, en particulier pour ceux fournis par des tiers. En tant que prestataire de services au sens des \u00a7\u00a7 8 \u00e0 10, nous ne sommes pas tenus de surveiller les informations transmises ou stock\u00e9es par vous ou d\u2019enqu\u00eater sur les circonstances qui indiquent une activit\u00e9 ill\u00e9gale.<br><br>Nos obligations de supprimer des informations ou de bloquer l\u2019utilisation des informations selon les lois g\u00e9n\u00e9rales en raison d\u2019ordonnances judiciaires ou officielles restent inchang\u00e9es m\u00eame en cas de non-responsabilit\u00e9 selon les \u00a7\u00a7 8 \u00e0 10.<br><br>Si vous remarquez un contenu probl\u00e9matique ou ill\u00e9gal, veuillez nous contacter imm\u00e9diatement afin que nous puissions supprimer le contenu ill\u00e9gal. Vous trouverez les coordonn\u00e9es dans l\u2019empreinte.<br><br>Responsabilit\u00e9 pour les liens sur ce site Web<br><br>Notre site Web contient des liens vers d\u2019autres sites Web dont nous ne sommes pas responsables du contenu. Nous ne sommes pas responsables des sites Web li\u00e9s, car nous n\u2019avions aucune connaissance d\u2019activit\u00e9s ill\u00e9gales, nous n\u2019avons pas remarqu\u00e9 de telles activit\u00e9s ill\u00e9gales et nous supprimerions les liens imm\u00e9diatement si nous prenions connaissance d\u2019activit\u00e9s ill\u00e9gales.<br><br>Si vous remarquez des liens ill\u00e9gaux sur notre site Web, veuillez nous contacter. Vous trouverez les coordonn\u00e9es dans l\u2019empreinte.<br><br>Copyright<br><br>Tous les contenus de ce site Web (images, photos, textes, vid\u00e9os) sont soumis au droit d\u2019auteur de la R\u00e9publique f\u00e9d\u00e9rale d\u2019Allemagne. Veuillez nous demander avant de distribuer, reproduire ou utiliser le contenu de ce site Web, par exemple en le republiant sur d\u2019autres sites Web. Si n\u00e9cessaire, nous poursuivrons l\u00e9galement l\u2019utilisation non autoris\u00e9e de parties du contenu de notre site.<br><br>Si vous trouvez un contenu sur ce site Web qui enfreint la loi sur les droits d\u2019auteur, veuillez nous contacter.<br><br>Conception du site web par<br>MOONWORK STUDIO<br>Nadine Hanfstein<br>E-Mail: hello@moonwork-studio.de<br><br><\/p>\n\n\n\n<p>Consultant IT &amp; responsable de la zone DNS<br>\/\/P-CATION Consulting &amp; Solutions GmbH<\/p>\n\n\n\n<p>E-Mail: hello@p-cation.de<br>Web:&nbsp;<a href=\"https:\/\/p-cation.de\/\" target=\"_blank\" rel=\"noreferrer noopener\">p-cation.de<\/a><\/p>","protected":false},"excerpt":{"rendered":"<p>Information obligation according to \u00a7 5 TMG. ANVIS HOLDING S.A.S19 Route d\u2019ArchettesF-88000 EpinalFrance Register: Commercialregister Register number: 883 481 178 [&hellip;]<\/p>\n","protected":false},"author":1,"featured_media":0,"parent":0,"menu_order":0,"comment_status":"closed","ping_status":"closed","template":"","meta":{"footnotes":""},"class_list":["post-886","page","type-page","status-publish","hentry"],"acf":[],"yoast_head":"<!-- This site is optimized with the Yoast SEO plugin v27.3 - https:\/\/yoast.com\/product\/yoast-seo-wordpress\/ -->\n<title>IMPRINT | Anvis<\/title>\n<meta name=\"robots\" content=\"index, follow, max-snippet:-1, max-image-preview:large, max-video-preview:-1\" \/>\n<link rel=\"canonical\" href=\"https:\/\/anvisgroup.com\/fr\/imprint\/\" \/>\n<meta property=\"og:locale\" content=\"fr_FR\" \/>\n<meta property=\"og:type\" content=\"article\" \/>\n<meta property=\"og:title\" content=\"IMPRINT | Anvis\" \/>\n<meta property=\"og:description\" content=\"Information obligation according to \u00a7 5 TMG. ANVIS HOLDING S.A.S19 Route d\u2019ArchettesF-88000 EpinalFrance Register: Commercialregister Register number: 883 481 178 [&hellip;]\" \/>\n<meta property=\"og:url\" content=\"https:\/\/anvisgroup.com\/fr\/imprint\/\" \/>\n<meta property=\"og:site_name\" content=\"Anvis\" \/>\n<meta property=\"article:modified_time\" content=\"2023-02-01T19:28:23+00:00\" \/>\n<meta name=\"twitter:card\" content=\"summary_large_image\" \/>\n<meta name=\"twitter:label1\" content=\"Dur\u00e9e de lecture estim\u00e9e\" \/>\n\t<meta name=\"twitter:data1\" content=\"3 minutes\" \/>\n<script type=\"application\/ld+json\" class=\"yoast-schema-graph\">{\"@context\":\"https:\\\/\\\/schema.org\",\"@graph\":[{\"@type\":\"WebPage\",\"@id\":\"https:\\\/\\\/anvisgroup.com\\\/imprint\\\/\",\"url\":\"https:\\\/\\\/anvisgroup.com\\\/imprint\\\/\",\"name\":\"IMPRINT | Anvis\",\"isPartOf\":{\"@id\":\"https:\\\/\\\/anvisgroup.com\\\/#website\"},\"datePublished\":\"2022-08-31T16:32:38+00:00\",\"dateModified\":\"2023-02-01T19:28:23+00:00\",\"breadcrumb\":{\"@id\":\"https:\\\/\\\/anvisgroup.com\\\/imprint\\\/#breadcrumb\"},\"inLanguage\":\"fr-FR\",\"potentialAction\":[{\"@type\":\"ReadAction\",\"target\":[\"https:\\\/\\\/anvisgroup.com\\\/imprint\\\/\"]}]},{\"@type\":\"BreadcrumbList\",\"@id\":\"https:\\\/\\\/anvisgroup.com\\\/imprint\\\/#breadcrumb\",\"itemListElement\":[{\"@type\":\"ListItem\",\"position\":1,\"name\":\"Home\",\"item\":\"https:\\\/\\\/anvisgroup.com\\\/\"},{\"@type\":\"ListItem\",\"position\":2,\"name\":\"IMPRINT\"}]},{\"@type\":\"WebSite\",\"@id\":\"https:\\\/\\\/anvisgroup.com\\\/#website\",\"url\":\"https:\\\/\\\/anvisgroup.com\\\/\",\"name\":\"ANVIS Group\",\"description\":\"\",\"publisher\":{\"@id\":\"https:\\\/\\\/anvisgroup.com\\\/#organization\"},\"potentialAction\":[{\"@type\":\"SearchAction\",\"target\":{\"@type\":\"EntryPoint\",\"urlTemplate\":\"https:\\\/\\\/anvisgroup.com\\\/?s={search_term_string}\"},\"query-input\":{\"@type\":\"PropertyValueSpecification\",\"valueRequired\":true,\"valueName\":\"search_term_string\"}}],\"inLanguage\":\"fr-FR\"},{\"@type\":\"Organization\",\"@id\":\"https:\\\/\\\/anvisgroup.com\\\/#organization\",\"name\":\"ANVIS Group\",\"url\":\"https:\\\/\\\/anvisgroup.com\\\/\",\"logo\":{\"@type\":\"ImageObject\",\"inLanguage\":\"fr-FR\",\"@id\":\"https:\\\/\\\/anvisgroup.com\\\/#\\\/schema\\\/logo\\\/image\\\/\",\"url\":\"https:\\\/\\\/anvisgroup.com\\\/wp-content\\\/uploads\\\/2022\\\/08\\\/logo_anvis.png\",\"contentUrl\":\"https:\\\/\\\/anvisgroup.com\\\/wp-content\\\/uploads\\\/2022\\\/08\\\/logo_anvis.png\",\"width\":320,\"height\":71,\"caption\":\"ANVIS Group\"},\"image\":{\"@id\":\"https:\\\/\\\/anvisgroup.com\\\/#\\\/schema\\\/logo\\\/image\\\/\"}}]}<\/script>\n<!-- \/ Yoast SEO plugin. -->","yoast_head_json":{"title":"IMPRINT | Anvis","robots":{"index":"index","follow":"follow","max-snippet":"max-snippet:-1","max-image-preview":"max-image-preview:large","max-video-preview":"max-video-preview:-1"},"canonical":"https:\/\/anvisgroup.com\/fr\/imprint\/","og_locale":"fr_FR","og_type":"article","og_title":"IMPRINT | Anvis","og_description":"Information obligation according to \u00a7 5 TMG. ANVIS HOLDING S.A.S19 Route d\u2019ArchettesF-88000 EpinalFrance Register: Commercialregister Register number: 883 481 178 [&hellip;]","og_url":"https:\/\/anvisgroup.com\/fr\/imprint\/","og_site_name":"Anvis","article_modified_time":"2023-02-01T19:28:23+00:00","twitter_card":"summary_large_image","twitter_misc":{"Dur\u00e9e de lecture estim\u00e9e":"3 minutes"},"schema":{"@context":"https:\/\/schema.org","@graph":[{"@type":"WebPage","@id":"https:\/\/anvisgroup.com\/imprint\/","url":"https:\/\/anvisgroup.com\/imprint\/","name":"IMPRINT | Anvis","isPartOf":{"@id":"https:\/\/anvisgroup.com\/#website"},"datePublished":"2022-08-31T16:32:38+00:00","dateModified":"2023-02-01T19:28:23+00:00","breadcrumb":{"@id":"https:\/\/anvisgroup.com\/imprint\/#breadcrumb"},"inLanguage":"fr-FR","potentialAction":[{"@type":"ReadAction","target":["https:\/\/anvisgroup.com\/imprint\/"]}]},{"@type":"BreadcrumbList","@id":"https:\/\/anvisgroup.com\/imprint\/#breadcrumb","itemListElement":[{"@type":"ListItem","position":1,"name":"Home","item":"https:\/\/anvisgroup.com\/"},{"@type":"ListItem","position":2,"name":"IMPRINT"}]},{"@type":"WebSite","@id":"https:\/\/anvisgroup.com\/#website","url":"https:\/\/anvisgroup.com\/","name":"ANVIS Group","description":"","publisher":{"@id":"https:\/\/anvisgroup.com\/#organization"},"potentialAction":[{"@type":"SearchAction","target":{"@type":"EntryPoint","urlTemplate":"https:\/\/anvisgroup.com\/?s={search_term_string}"},"query-input":{"@type":"PropertyValueSpecification","valueRequired":true,"valueName":"search_term_string"}}],"inLanguage":"fr-FR"},{"@type":"Organization","@id":"https:\/\/anvisgroup.com\/#organization","name":"ANVIS Group","url":"https:\/\/anvisgroup.com\/","logo":{"@type":"ImageObject","inLanguage":"fr-FR","@id":"https:\/\/anvisgroup.com\/#\/schema\/logo\/image\/","url":"https:\/\/anvisgroup.com\/wp-content\/uploads\/2022\/08\/logo_anvis.png","contentUrl":"https:\/\/anvisgroup.com\/wp-content\/uploads\/2022\/08\/logo_anvis.png","width":320,"height":71,"caption":"ANVIS Group"},"image":{"@id":"https:\/\/anvisgroup.com\/#\/schema\/logo\/image\/"}}]}},"_links":{"self":[{"href":"https:\/\/anvisgroup.com\/fr\/wp-json\/wp\/v2\/pages\/886","targetHints":{"allow":["GET"]}}],"collection":[{"href":"https:\/\/anvisgroup.com\/fr\/wp-json\/wp\/v2\/pages"}],"about":[{"href":"https:\/\/anvisgroup.com\/fr\/wp-json\/wp\/v2\/types\/page"}],"author":[{"embeddable":true,"href":"https:\/\/anvisgroup.com\/fr\/wp-json\/wp\/v2\/users\/1"}],"replies":[{"embeddable":true,"href":"https:\/\/anvisgroup.com\/fr\/wp-json\/wp\/v2\/comments?post=886"}],"version-history":[{"count":13,"href":"https:\/\/anvisgroup.com\/fr\/wp-json\/wp\/v2\/pages\/886\/revisions"}],"predecessor-version":[{"id":1354,"href":"https:\/\/anvisgroup.com\/fr\/wp-json\/wp\/v2\/pages\/886\/revisions\/1354"}],"wp:attachment":[{"href":"https:\/\/anvisgroup.com\/fr\/wp-json\/wp\/v2\/media?parent=886"}],"curies":[{"name":"wp","href":"https:\/\/api.w.org\/{rel}","templated":true}]}}